{"id":18,"date":"2021-08-11T08:56:44","date_gmt":"2021-08-11T08:56:44","guid":{"rendered":"https:\/\/sonumid.ee\/kuulutused\/?page_id=18"},"modified":"2026-04-29T12:12:07","modified_gmt":"2026-04-29T12:12:07","slug":"toopakkumine","status":"publish","type":"page","link":"https:\/\/sonumid.ee\/kuulutused\/toopakkumine\/","title":{"rendered":"T\u00f6\u00f6pakkumine"},"content":{"rendered":"\t\t<div data-elementor-type=\"wp-page\" data-elementor-id=\"18\" class=\"elementor elementor-18\">\n\t\t\t\t\t\t<div class=\"elementor-inner\">\n\t\t\t\t<div class=\"elementor-section-wrap\">\n\t\t\t\t\t\t\t\t\t<section class=\"elementor-section elementor-top-section elementor-element elementor-element-ce9ed7a elementor-section-boxed elementor-section-height-default elementor-section-height-default\" data-id=\"ce9ed7a\" data-element_type=\"section\">\n\t\t\t\t\t\t<div class=\"elementor-container elementor-column-gap-default\">\n\t\t\t\t\t\t\t<div class=\"elementor-row\">\n\t\t\t\t\t<div class=\"elementor-column elementor-col-100 elementor-top-column elementor-element elementor-element-7e16cf5\" data-id=\"7e16cf5\" data-element_type=\"column\">\n\t\t\t<div class=\"elementor-column-wrap elementor-element-populated\">\n\t\t\t\t\t\t\t<div class=\"elementor-widget-wrap\">\n\t\t\t\t\t\t<div class=\"elementor-element elementor-element-56aa6d0 elementor-widget elementor-widget-heading\" data-id=\"56aa6d0\" data-element_type=\"widget\" data-widget_type=\"heading.default\">\n\t\t\t\t<div class=\"elementor-widget-container\">\n\t\t\t<h1 class=\"elementor-heading-title elementor-size-default\">T\u00f6\u00f6pakkumised<\/h1>\t\t<\/div>\n\t\t\t\t<\/div>\n\t\t\t\t\t\t<\/div>\n\t\t\t\t\t<\/div>\n\t\t<\/div>\n\t\t\t\t\t\t\t\t<\/div>\n\t\t\t\t\t<\/div>\n\t\t<\/section>\n\t\t\t\t<section class=\"elementor-section elementor-top-section elementor-element elementor-element-39c45e61 elementor-section-boxed elementor-section-height-default elementor-section-height-default\" data-id=\"39c45e61\" data-element_type=\"section\">\n\t\t\t\t\t\t<div class=\"elementor-container elementor-column-gap-default\">\n\t\t\t\t\t\t\t<div class=\"elementor-row\">\n\t\t\t\t\t<div class=\"elementor-column elementor-col-100 elementor-top-column elementor-element elementor-element-5dbfab42\" data-id=\"5dbfab42\" data-element_type=\"column\">\n\t\t\t<div class=\"elementor-column-wrap elementor-element-populated\">\n\t\t\t\t\t\t\t<div class=\"elementor-widget-wrap\">\n\t\t\t\t\t\t<div class=\"elementor-element elementor-element-397071c4 elementor-widget__width-initial elementor-widget elementor-widget-text-editor\" data-id=\"397071c4\" data-element_type=\"widget\" data-widget_type=\"text-editor.default\">\n\t\t\t\t<div class=\"elementor-widget-container\">\n\t\t\t\t\t\t\t\t<div class=\"elementor-text-editor elementor-clearfix\">\n\t\t\t\t<ul><li>Rapla Vesiroosi Kool v\u00f5tab t\u00f6\u00f6le<br \/><strong>HUVIJUHI<\/strong><br \/><strong>T\u00f6\u00f6\u00fclesanded:<\/strong><br \/>kooli\u00fcrituste organiseerimine<br \/>\u00f5pilasesinduse suunamine <br \/>huviringide korraldamine<br \/><strong>Kasuks tuleb, kui:<\/strong><br \/>\u2022 oled t\u00f6\u00f6tanud noortega<br \/>\u2022 Sul on k\u00f5rgharidus v\u00f5i oled seda omandamas <br \/>\u2022 hindad ilusat emakeelt<br \/>\u2022 tunned digimaailma <br \/>\u2022 oled hea suhtleja ja Sind huvitab uue \u00f5ppimine <br \/>S\u00f5bralik kollektiiv, kaasaegsed t\u00f6\u00f6vahendid ja pikem suvepuhkus ning v\u00f5imalus luua koos meiega kooli ajalugu, ootavad just Sind<br \/>Motivatsioonikiri ja CV saada hiljemalt 10. maiks 2026 aadressi vesiroos@vesiroos.edu.ee. T\u00f6\u00f6leasumise aeg augustis 2026. Lisainfo vesiroos@vesiroos.edu.ee.<\/li><\/ul>\t\t\t\t\t<\/div>\n\t\t\t\t\t\t<\/div>\n\t\t\t\t<\/div>\n\t\t\t\t\t\t<\/div>\n\t\t\t\t\t<\/div>\n\t\t<\/div>\n\t\t\t\t\t\t\t\t<\/div>\n\t\t\t\t\t<\/div>\n\t\t<\/section>\n\t\t\t\t<section class=\"elementor-section elementor-top-section elementor-element elementor-element-d5e0f86 elementor-section-boxed elementor-section-height-default elementor-section-height-default\" data-id=\"d5e0f86\" data-element_type=\"section\">\n\t\t\t\t\t\t<div class=\"elementor-container elementor-column-gap-default\">\n\t\t\t\t\t\t\t<div class=\"elementor-row\">\n\t\t\t\t\t<div class=\"elementor-column elementor-col-100 elementor-top-column elementor-element elementor-element-b4b91c5\" data-id=\"b4b91c5\" data-element_type=\"column\">\n\t\t\t<div class=\"elementor-column-wrap elementor-element-populated\">\n\t\t\t\t\t\t\t<div class=\"elementor-widget-wrap\">\n\t\t\t\t\t\t<div class=\"elementor-element elementor-element-12e2c9e elementor-widget elementor-widget-text-editor\" data-id=\"12e2c9e\" data-element_type=\"widget\" data-widget_type=\"text-editor.default\">\n\t\t\t\t<div class=\"elementor-widget-container\">\n\t\t\t\t\t\t\t\t<div class=\"elementor-text-editor elementor-clearfix\">\n\t\t\t\t\t\t\t\t\t<\/div>\n\t\t\t\t\t\t<\/div>\n\t\t\t\t<\/div>\n\t\t\t\t\t\t<\/div>\n\t\t\t\t\t<\/div>\n\t\t<\/div>\n\t\t\t\t\t\t\t\t<\/div>\n\t\t\t\t\t<\/div>\n\t\t<\/section>\n\t\t\t\t<section class=\"elementor-section elementor-top-section elementor-element elementor-element-b054df7 elementor-section-boxed elementor-section-height-default elementor-section-height-default\" data-id=\"b054df7\" data-element_type=\"section\">\n\t\t\t\t\t\t<div class=\"elementor-container elementor-column-gap-default\">\n\t\t\t\t\t\t\t<div class=\"elementor-row\">\n\t\t\t\t\t<div class=\"elementor-column elementor-col-100 elementor-top-column elementor-element elementor-element-67fee8d\" data-id=\"67fee8d\" data-element_type=\"column\">\n\t\t\t<div class=\"elementor-column-wrap elementor-element-populated\">\n\t\t\t\t\t\t\t<div class=\"elementor-widget-wrap\">\n\t\t\t\t\t\t<div class=\"elementor-element elementor-element-6dd4106 elementor-widget elementor-widget-text-editor\" data-id=\"6dd4106\" data-element_type=\"widget\" data-widget_type=\"text-editor.default\">\n\t\t\t\t<div class=\"elementor-widget-container\">\n\t\t\t\t\t\t\t\t<div class=\"elementor-text-editor elementor-clearfix\">\n\t\t\t\t\t\t\t\t\t<\/div>\n\t\t\t\t\t\t<\/div>\n\t\t\t\t<\/div>\n\t\t\t\t\t\t<\/div>\n\t\t\t\t\t<\/div>\n\t\t<\/div>\n\t\t\t\t\t\t\t\t<\/div>\n\t\t\t\t\t<\/div>\n\t\t<\/section>\n\t\t\t\t\t\t\t\t\t<\/div>\n\t\t\t<\/div>\n\t\t\t\t\t<\/div>\n\t\t","protected":false},"excerpt":{"rendered":"<p>T\u00f6\u00f6pakkumised Rapla Vesiroosi Kool v\u00f5tab t\u00f6\u00f6leHUVIJUHIT\u00f6\u00f6\u00fclesanded:kooli\u00fcrituste organiseerimine\u00f5pilasesinduse suunamine huviringide korraldamineKasuks tuleb, kui:\u2022 oled t\u00f6\u00f6tanud noortega\u2022 Sul on k\u00f5rgharidus v\u00f5i oled seda omandamas \u2022 hindad ilusat emakeelt\u2022 tunned digimaailma \u2022 oled hea suhtleja ja Sind huvitab uue \u00f5ppimine S\u00f5bralik kollektiiv, kaasaegsed t\u00f6\u00f6vahendid ja pikem suvepuhkus ning v\u00f5imalus luua koos meiega kooli ajalugu, ootavad just SindMotivatsioonikiri ja [&hellip;]<\/p>\n","protected":false},"author":1,"featured_media":0,"parent":0,"menu_order":0,"comment_status":"closed","ping_status":"closed","template":"","meta":{"footnotes":""},"class_list":["post-18","page","type-page","status-publish","hentry"],"_links":{"self":[{"href":"https:\/\/sonumid.ee\/kuulutused\/wp-json\/wp\/v2\/pages\/18","targetHints":{"allow":["GET"]}}],"collection":[{"href":"https:\/\/sonumid.ee\/kuulutused\/wp-json\/wp\/v2\/pages"}],"about":[{"href":"https:\/\/sonumid.ee\/kuulutused\/wp-json\/wp\/v2\/types\/page"}],"author":[{"embeddable":true,"href":"https:\/\/sonumid.ee\/kuulutused\/wp-json\/wp\/v2\/users\/1"}],"replies":[{"embeddable":true,"href":"https:\/\/sonumid.ee\/kuulutused\/wp-json\/wp\/v2\/comments?post=18"}],"version-history":[{"count":1498,"href":"https:\/\/sonumid.ee\/kuulutused\/wp-json\/wp\/v2\/pages\/18\/revisions"}],"predecessor-version":[{"id":18496,"href":"https:\/\/sonumid.ee\/kuulutused\/wp-json\/wp\/v2\/pages\/18\/revisions\/18496"}],"wp:attachment":[{"href":"https:\/\/sonumid.ee\/kuulutused\/wp-json\/wp\/v2\/media?parent=18"}],"curies":[{"name":"wp","href":"https:\/\/api.w.org\/{rel}","templated":true}]}}