{"id":20,"date":"2021-08-11T08:57:11","date_gmt":"2021-08-11T08:57:11","guid":{"rendered":"https:\/\/sonumid.ee\/kuulutused\/?page_id=20"},"modified":"2026-04-30T06:48:51","modified_gmt":"2026-04-30T06:48:51","slug":"reakuulutused","status":"publish","type":"page","link":"https:\/\/sonumid.ee\/kuulutused\/reakuulutused\/","title":{"rendered":"Reakuulutused"},"content":{"rendered":"\t\t<div data-elementor-type=\"wp-page\" data-elementor-id=\"20\" class=\"elementor elementor-20\">\n\t\t\t\t\t\t<div class=\"elementor-inner\">\n\t\t\t\t<div class=\"elementor-section-wrap\">\n\t\t\t\t\t\t\t\t\t<section class=\"elementor-section elementor-top-section elementor-element elementor-element-1050d27 elementor-section-boxed elementor-section-height-default elementor-section-height-default\" data-id=\"1050d27\" data-element_type=\"section\">\n\t\t\t\t\t\t<div class=\"elementor-container elementor-column-gap-default\">\n\t\t\t\t\t\t\t<div class=\"elementor-row\">\n\t\t\t\t\t<div class=\"elementor-column elementor-col-100 elementor-top-column elementor-element elementor-element-35e9823\" data-id=\"35e9823\" data-element_type=\"column\">\n\t\t\t<div class=\"elementor-column-wrap elementor-element-populated\">\n\t\t\t\t\t\t\t<div class=\"elementor-widget-wrap\">\n\t\t\t\t\t\t<div class=\"elementor-element elementor-element-c0f352a elementor-widget elementor-widget-heading\" data-id=\"c0f352a\" data-element_type=\"widget\" data-widget_type=\"heading.default\">\n\t\t\t\t<div class=\"elementor-widget-container\">\n\t\t\t<h1 class=\"elementor-heading-title elementor-size-default\">Reakuulutused<\/h1>\t\t<\/div>\n\t\t\t\t<\/div>\n\t\t\t\t\t\t<\/div>\n\t\t\t\t\t<\/div>\n\t\t<\/div>\n\t\t\t\t\t\t\t\t<\/div>\n\t\t\t\t\t<\/div>\n\t\t<\/section>\n\t\t\t\t<section class=\"elementor-section elementor-top-section elementor-element elementor-element-7e109259 elementor-section-boxed elementor-section-height-default elementor-section-height-default\" data-id=\"7e109259\" data-element_type=\"section\">\n\t\t\t\t\t\t<div class=\"elementor-container elementor-column-gap-default\">\n\t\t\t\t\t\t\t<div class=\"elementor-row\">\n\t\t\t\t\t<div class=\"elementor-column elementor-col-33 elementor-top-column elementor-element elementor-element-305e7bd4\" data-id=\"305e7bd4\" data-element_type=\"column\">\n\t\t\t<div class=\"elementor-column-wrap elementor-element-populated\">\n\t\t\t\t\t\t\t<div class=\"elementor-widget-wrap\">\n\t\t\t\t\t\t<div class=\"elementor-element elementor-element-29f9dab4 elementor-widget elementor-widget-heading\" data-id=\"29f9dab4\" data-element_type=\"widget\" data-widget_type=\"heading.default\">\n\t\t\t\t<div class=\"elementor-widget-container\">\n\t\t\t<h2 class=\"elementor-heading-title elementor-size-default\">M\u00fc\u00fcakse<\/h2>\t\t<\/div>\n\t\t\t\t<\/div>\n\t\t\t\t<div class=\"elementor-element elementor-element-556bfe5f elementor-widget elementor-widget-text-editor\" data-id=\"556bfe5f\" data-element_type=\"widget\" data-widget_type=\"text-editor.default\">\n\t\t\t\t<div class=\"elementor-widget-container\">\n\t\t\t\t\t\t\t\t<div class=\"elementor-text-editor elementor-clearfix\">\n\t\t\t\t<ul>\n<li>maitsva toidukartuli Laura ja Gala kvaliteetset seemet. Tel 5194 7718<\/li>\n<li>Rapla K\u00fctte\u00e4ris puitbriketti (hele, tume), pelletid 6 ja 8 mm, v\u00f5rkkotis lepp, kask ja turbabriketti. Raplamaal alates poolest alusest vedu tasuta. Tel 5563 6856, k\u00fctte\u00e4ri.ee<\/li>\n<\/ul>\n<p><img loading=\"lazy\" decoding=\"async\" class=\"alignnone size-medium wp-image-15163\" src=\"https:\/\/sonumid.ee\/kuulutused\/wp-content\/uploads\/2025\/04\/marjamaa-300x143.jpg\" alt=\"\" width=\"300\" height=\"143\" srcset=\"https:\/\/sonumid.ee\/kuulutused\/wp-content\/uploads\/2025\/04\/marjamaa-300x143.jpg 300w, https:\/\/sonumid.ee\/kuulutused\/wp-content\/uploads\/2025\/04\/marjamaa-1024x490.jpg 1024w, https:\/\/sonumid.ee\/kuulutused\/wp-content\/uploads\/2025\/04\/marjamaa-768x367.jpg 768w, https:\/\/sonumid.ee\/kuulutused\/wp-content\/uploads\/2025\/04\/marjamaa.jpg 1462w\" sizes=\"auto, (max-width: 300px) 100vw, 300px\" \/><\/p>\n<ul>\n<li>M\u00e4rjamaa P\u00e4rnu mnt 29 avatud iga p\u00e4ev 9-18. SUUR VALIK V\u00d5\u00d5RASEMASID, KANNIKESI ja muud aiakaupa. Valik t\u00e4ieneb pidevalt! Tel kohapeal 5855 4917<\/li>\n<li>L\u00f5hutud toores lehtpuu, metsakuiv okaspuu, hind al\u00a055 \u20ac. Laotud puude tarne 10 ja 15 rm autoga.\u00a0Tel 521 1377. 3-m lehtpuu, hind kokkuleppel\u00a0tel 502 4895<\/li>\n<li>turba- ja puitbriketti, pelletit, kivis\u00fctt, klotse, kaminapuid. Vedu tasuta 506 8501<\/li>\n<li>Kanarbiku talu m\u00fc\u00fcb <strong>kuiva ja toorest<\/strong> leppa, sangleppa ja kaske 30, 33, 38, 50, 60 cm. Vedu al 5 rm. Tel 5373 7294<\/li>\n<li>Rapla K\u00fcttekontor m\u00fc\u00fcb l\u00f5hutud ja saetud lepak\u00fcttepuid 25-60 cm. M\u00fc\u00fcme ka v\u00f5rkkotis kuivi lepak\u00fcttepuid. Vedu. Tel 516 6305<\/li>\n<\/ul>\t\t\t\t\t<\/div>\n\t\t\t\t\t\t<\/div>\n\t\t\t\t<\/div>\n\t\t\t\t\t\t<\/div>\n\t\t\t\t\t<\/div>\n\t\t<\/div>\n\t\t\t\t<div class=\"elementor-column elementor-col-33 elementor-top-column elementor-element elementor-element-3e5d689b\" data-id=\"3e5d689b\" data-element_type=\"column\">\n\t\t\t<div class=\"elementor-column-wrap elementor-element-populated\">\n\t\t\t\t\t\t\t<div class=\"elementor-widget-wrap\">\n\t\t\t\t\t\t<div class=\"elementor-element elementor-element-1604947a elementor-widget elementor-widget-heading\" data-id=\"1604947a\" data-element_type=\"widget\" data-widget_type=\"heading.default\">\n\t\t\t\t<div class=\"elementor-widget-container\">\n\t\t\t<h2 class=\"elementor-heading-title elementor-size-default\">Ostetakse<\/h2>\t\t<\/div>\n\t\t\t\t<\/div>\n\t\t\t\t<div class=\"elementor-element elementor-element-7607e34a elementor-widget elementor-widget-text-editor\" data-id=\"7607e34a\" data-element_type=\"widget\" data-widget_type=\"text-editor.default\">\n\t\t\t\t<div class=\"elementor-widget-container\">\n\t\t\t\t\t\t\t\t<div class=\"elementor-text-editor elementor-clearfix\">\n\t\t\t\t<ul>\n<li>Autode kokkuostja Raplamaal. Ostame teie s\u00f5iduki, sobivad igas seisukorras autod, kaubikud ja maasturid. Tel 5693 2565<\/li>\n<li>Vanametalli kokkuost Raplas Haigru tn 4 (endine J\u00fcrna tn 2). E-R 9-17, L 10-14. Tel 5818 8986 www.rauaspets.ee<\/li>\n<li>Metsakinnistuid ja kasvavat metsa. Tel 502 4895; info@pajakapuit.ee<\/li>\n<\/ul>\t\t\t\t\t<\/div>\n\t\t\t\t\t\t<\/div>\n\t\t\t\t<\/div>\n\t\t\t\t\t\t<\/div>\n\t\t\t\t\t<\/div>\n\t\t<\/div>\n\t\t\t\t<div class=\"elementor-column elementor-col-33 elementor-top-column elementor-element elementor-element-2c36abc7\" data-id=\"2c36abc7\" data-element_type=\"column\">\n\t\t\t<div class=\"elementor-column-wrap elementor-element-populated\">\n\t\t\t\t\t\t\t<div class=\"elementor-widget-wrap\">\n\t\t\t\t\t\t<div class=\"elementor-element elementor-element-432d94f elementor-widget elementor-widget-heading\" data-id=\"432d94f\" data-element_type=\"widget\" data-widget_type=\"heading.default\">\n\t\t\t\t<div class=\"elementor-widget-container\">\n\t\t\t<h2 class=\"elementor-heading-title elementor-size-default\">Teenus<\/h2>\t\t<\/div>\n\t\t\t\t<\/div>\n\t\t\t\t<div class=\"elementor-element elementor-element-11769084 elementor-widget elementor-widget-text-editor\" data-id=\"11769084\" data-element_type=\"widget\" data-widget_type=\"text-editor.default\">\n\t\t\t\t<div class=\"elementor-widget-container\">\n\t\t\t\t\t\t\t\t<div class=\"elementor-text-editor elementor-clearfix\">\n\t\t\t\t<h6><!-- \/wp:image --><!-- wp:list --><\/h6>\n<h6><!-- \/wp:image --><!-- wp:list --><\/h6>\n<ul>\n<li>Katuste k\u00f5rgsurvepesu ja v\u00e4rvimine (plekk, kivi, eterniit). T\u00e4navakivide puhastus. Tel 5624 1509 Andres<\/li>\n<li>Vajad raamatupidajat? Teenus v\u00e4ikeettev\u00f5tjale. Tel 5690 8110<\/li>\n<li>Katuste-, fassaadide pesu- ja v\u00e4rvimist\u00f6\u00f6d. Paigaldame katuse redeleid, vihmaveerenne. K.P.E O\u00dc, tel 5638 8994<\/li>\n<li>Rapla\u00a0Matuseb\u00fcroo. K\u00f5ik matuse- ja kalmistuteenused \u00fchest kohast.\u00a0Telefon 485 5126, e-post: raivo.erm@eelk.ee<\/li>\n<li>Raamatupidamine, aruanded. Tel\u00a0505\u00a09669, <a href=\"mailto:info@holopoint.ee\">info@holopoint.ee<\/a><\/li>\n<li>Rehvivahetus Rapla linnas Haigru tn 4 (endine J\u00fcrna tn 2). Hinnad v\u00e4ga soodsad. Aeg broneeri tel 5818 8986 Hinnakiri <a href=\"http:\/\/www.rauaspets.ee\/\">www.rauaspets.ee<\/a><\/li>\n<\/ul>\t\t\t\t\t<\/div>\n\t\t\t\t\t\t<\/div>\n\t\t\t\t<\/div>\n\t\t\t\t\t\t<\/div>\n\t\t\t\t\t<\/div>\n\t\t<\/div>\n\t\t\t\t\t\t\t\t<\/div>\n\t\t\t\t\t<\/div>\n\t\t<\/section>\n\t\t\t\t<section class=\"elementor-section elementor-top-section elementor-element elementor-element-46983ff elementor-section-boxed elementor-section-height-default elementor-section-height-default\" data-id=\"46983ff\" data-element_type=\"section\">\n\t\t\t\t\t\t<div class=\"elementor-container elementor-column-gap-default\">\n\t\t\t\t\t\t\t<div class=\"elementor-row\">\n\t\t\t\t\t<div class=\"elementor-column elementor-col-33 elementor-top-column elementor-element elementor-element-1cb92fba\" data-id=\"1cb92fba\" data-element_type=\"column\">\n\t\t\t<div class=\"elementor-column-wrap elementor-element-populated\">\n\t\t\t\t\t\t\t<div class=\"elementor-widget-wrap\">\n\t\t\t\t\t\t<div class=\"elementor-element elementor-element-16723175 elementor-widget elementor-widget-heading\" data-id=\"16723175\" data-element_type=\"widget\" data-widget_type=\"heading.default\">\n\t\t\t\t<div class=\"elementor-widget-container\">\n\t\t\t<h2 class=\"elementor-heading-title elementor-size-default\">Vahetada<\/h2>\t\t<\/div>\n\t\t\t\t<\/div>\n\t\t\t\t<div class=\"elementor-element elementor-element-5b0c1536 elementor-widget elementor-widget-text-editor\" data-id=\"5b0c1536\" data-element_type=\"widget\" data-widget_type=\"text-editor.default\">\n\t\t\t\t<div class=\"elementor-widget-container\">\n\t\t\t\t\t\t\t\t<div class=\"elementor-text-editor elementor-clearfix\">\n\t\t\t\t<ul>\n<li style=\"text-align: left;\">Vahetada 3-toaline korter Raplas, v\u00e4iksema maja vastu Rapla \u00fcmbruses, Tel 5191 8946<\/li>\n<\/ul>\t\t\t\t\t<\/div>\n\t\t\t\t\t\t<\/div>\n\t\t\t\t<\/div>\n\t\t\t\t\t\t<\/div>\n\t\t\t\t\t<\/div>\n\t\t<\/div>\n\t\t\t\t<div class=\"elementor-column elementor-col-33 elementor-top-column elementor-element elementor-element-3ef1fde9\" data-id=\"3ef1fde9\" data-element_type=\"column\">\n\t\t\t<div class=\"elementor-column-wrap elementor-element-populated\">\n\t\t\t\t\t\t\t<div class=\"elementor-widget-wrap\">\n\t\t\t\t\t\t<div class=\"elementor-element elementor-element-324683e5 elementor-widget elementor-widget-heading\" data-id=\"324683e5\" data-element_type=\"widget\" data-widget_type=\"heading.default\">\n\t\t\t\t<div class=\"elementor-widget-container\">\n\t\t\t<h2 class=\"elementor-heading-title elementor-size-default\">V\u00f5tan rendile<\/h2>\t\t<\/div>\n\t\t\t\t<\/div>\n\t\t\t\t<div class=\"elementor-element elementor-element-46d6d6c0 elementor-widget elementor-widget-text-editor\" data-id=\"46d6d6c0\" data-element_type=\"widget\" data-widget_type=\"text-editor.default\">\n\t\t\t\t<div class=\"elementor-widget-container\">\n\t\t\t\t\t\t\t\t<div class=\"elementor-text-editor elementor-clearfix\">\n\t\t\t\t<ul>\n<li>Mahetootja v\u00f5tab rendile viljakasvatuseks p\u00f5llumaad ning heina ja silo tegemiseks rohumaid Rapla piirkonnas. Rohumaad v\u00f5ivad olla ka kergelt v\u00f5sastunud, teeme korda. Kontakt info 525 1178 Kristjan<\/li>\n<\/ul>\t\t\t\t\t<\/div>\n\t\t\t\t\t\t<\/div>\n\t\t\t\t<\/div>\n\t\t\t\t\t\t<\/div>\n\t\t\t\t\t<\/div>\n\t\t<\/div>\n\t\t\t\t<div class=\"elementor-column elementor-col-33 elementor-top-column elementor-element elementor-element-3afbbe8f\" data-id=\"3afbbe8f\" data-element_type=\"column\">\n\t\t\t<div class=\"elementor-column-wrap elementor-element-populated\">\n\t\t\t\t\t\t\t<div class=\"elementor-widget-wrap\">\n\t\t\t\t\t\t<div class=\"elementor-element elementor-element-72042e71 elementor-widget elementor-widget-heading\" data-id=\"72042e71\" data-element_type=\"widget\" data-widget_type=\"heading.default\">\n\t\t\t\t<div class=\"elementor-widget-container\">\n\t\t\t<h2 class=\"elementor-heading-title elementor-size-default\">Laat<\/h2>\t\t<\/div>\n\t\t\t\t<\/div>\n\t\t\t\t<div class=\"elementor-element elementor-element-5a1bc54f elementor-widget elementor-widget-text-editor\" data-id=\"5a1bc54f\" data-element_type=\"widget\" data-widget_type=\"text-editor.default\">\n\t\t\t\t<div class=\"elementor-widget-container\">\n\t\t\t\t\t\t\t\t<div class=\"elementor-text-editor elementor-clearfix\">\n\t\t\t\t<ul>\n<li style=\"text-align: left;\">03.05 kl 9-15 Kevadlaat Rapla turu platsil, Taara tn 4. Tulge ostma ja kauplema! Info 517 3664, laadakorraldus@gmail.com\u00a0<\/li>\n<\/ul>\n<p>\u00a0<\/p>\t\t\t\t\t<\/div>\n\t\t\t\t\t\t<\/div>\n\t\t\t\t<\/div>\n\t\t\t\t\t\t<\/div>\n\t\t\t\t\t<\/div>\n\t\t<\/div>\n\t\t\t\t\t\t\t\t<\/div>\n\t\t\t\t\t<\/div>\n\t\t<\/section>\n\t\t\t\t<section class=\"elementor-section elementor-top-section elementor-element elementor-element-d718fde elementor-section-boxed elementor-section-height-default elementor-section-height-default\" data-id=\"d718fde\" data-element_type=\"section\">\n\t\t\t\t\t\t<div class=\"elementor-container elementor-column-gap-default\">\n\t\t\t\t\t\t\t<div class=\"elementor-row\">\n\t\t\t\t\t<div class=\"elementor-column elementor-col-33 elementor-top-column elementor-element elementor-element-9456787\" data-id=\"9456787\" data-element_type=\"column\">\n\t\t\t<div class=\"elementor-column-wrap elementor-element-populated\">\n\t\t\t\t\t\t\t<div class=\"elementor-widget-wrap\">\n\t\t\t\t\t\t<div class=\"elementor-element elementor-element-ce58274 elementor-widget elementor-widget-text-editor\" data-id=\"ce58274\" data-element_type=\"widget\" data-widget_type=\"text-editor.default\">\n\t\t\t\t<div class=\"elementor-widget-container\">\n\t\t\t\t\t\t\t\t<div class=\"elementor-text-editor elementor-clearfix\">\n\t\t\t\t\t\t\t\t\t<\/div>\n\t\t\t\t\t\t<\/div>\n\t\t\t\t<\/div>\n\t\t\t\t\t\t<\/div>\n\t\t\t\t\t<\/div>\n\t\t<\/div>\n\t\t\t\t<div class=\"elementor-column elementor-col-33 elementor-top-column elementor-element elementor-element-a4a463c\" data-id=\"a4a463c\" data-element_type=\"column\">\n\t\t\t<div class=\"elementor-column-wrap\">\n\t\t\t\t\t\t\t<div class=\"elementor-widget-wrap\">\n\t\t\t\t\t\t\t\t<\/div>\n\t\t\t\t\t<\/div>\n\t\t<\/div>\n\t\t\t\t<div class=\"elementor-column elementor-col-33 elementor-top-column elementor-element elementor-element-4ea6abb\" data-id=\"4ea6abb\" data-element_type=\"column\">\n\t\t\t<div class=\"elementor-column-wrap\">\n\t\t\t\t\t\t\t<div class=\"elementor-widget-wrap\">\n\t\t\t\t\t\t\t\t<\/div>\n\t\t\t\t\t<\/div>\n\t\t<\/div>\n\t\t\t\t\t\t\t\t<\/div>\n\t\t\t\t\t<\/div>\n\t\t<\/section>\n\t\t\t\t\t\t\t\t\t<\/div>\n\t\t\t<\/div>\n\t\t\t\t\t<\/div>\n\t\t","protected":false},"excerpt":{"rendered":"<p>Reakuulutused M\u00fc\u00fcakse maitsva toidukartuli Laura ja Gala kvaliteetset seemet. Tel 5194 7718 Rapla K\u00fctte\u00e4ris puitbriketti (hele, tume), pelletid 6 ja 8 mm, v\u00f5rkkotis lepp, kask ja turbabriketti. Raplamaal alates poolest alusest vedu tasuta. Tel 5563 6856, k\u00fctte\u00e4ri.ee M\u00e4rjamaa P\u00e4rnu mnt 29 avatud iga p\u00e4ev 9-18. SUUR VALIK V\u00d5\u00d5RASEMASID, KANNIKESI ja muud aiakaupa. Valik t\u00e4ieneb pidevalt! [&hellip;]<\/p>\n","protected":false},"author":1,"featured_media":0,"parent":0,"menu_order":0,"comment_status":"closed","ping_status":"closed","template":"","meta":{"footnotes":""},"class_list":["post-20","page","type-page","status-publish","hentry"],"_links":{"self":[{"href":"https:\/\/sonumid.ee\/kuulutused\/wp-json\/wp\/v2\/pages\/20","targetHints":{"allow":["GET"]}}],"collection":[{"href":"https:\/\/sonumid.ee\/kuulutused\/wp-json\/wp\/v2\/pages"}],"about":[{"href":"https:\/\/sonumid.ee\/kuulutused\/wp-json\/wp\/v2\/types\/page"}],"author":[{"embeddable":true,"href":"https:\/\/sonumid.ee\/kuulutused\/wp-json\/wp\/v2\/users\/1"}],"replies":[{"embeddable":true,"href":"https:\/\/sonumid.ee\/kuulutused\/wp-json\/wp\/v2\/comments?post=20"}],"version-history":[{"count":4435,"href":"https:\/\/sonumid.ee\/kuulutused\/wp-json\/wp\/v2\/pages\/20\/revisions"}],"predecessor-version":[{"id":18502,"href":"https:\/\/sonumid.ee\/kuulutused\/wp-json\/wp\/v2\/pages\/20\/revisions\/18502"}],"wp:attachment":[{"href":"https:\/\/sonumid.ee\/kuulutused\/wp-json\/wp\/v2\/media?parent=20"}],"curies":[{"name":"wp","href":"https:\/\/api.w.org\/{rel}","templated":true}]}}